{"id":32,"date":"2024-12-26T22:04:08","date_gmt":"2024-12-26T21:04:08","guid":{"rendered":"https:\/\/2025.latetedansleweb.org\/wordpress\/?page_id=32"},"modified":"2025-01-19T15:23:31","modified_gmt":"2025-01-19T14:23:31","slug":"les-debouches","status":"publish","type":"page","link":"https:\/\/2025.latetedansleweb.org\/index.php\/les-debouches\/","title":{"rendered":"Les d\u00e9bouch\u00e9s"},"content":{"rendered":"\n<h1 class=\"wp-block-heading evenements_h1\" style=\"font-size:clamp(22.041px, 1.378rem + ((1vw - 3.2px) * 1.091), 36px);font-style:normal;font-weight:800\">LES D\u00c9BOUCH\u00c9<strong>S<\/strong><\/h1>\n\n\n\n<p>Le master Gestion \u00c9ditoriale et Communication Internet offre de nombreuses perspectives professionnelles dans le domaine de la communication num\u00e9rique. Polyvalents et cr\u00e9atifs, les dipl\u00f4m\u00e9s acc\u00e8dent \u00e0 des postes strat\u00e9giques dans des secteurs vari\u00e9s, de la gestion de projet web au community management. D\u00e9couvrez les d\u00e9bouch\u00e9s professionnels et les opportunit\u00e9s qui s&rsquo;offrent \u00e0 vous apr\u00e8s cette formation tourn\u00e9e vers l\u2019avenir du num\u00e9rique<\/p>\n\n\n\n<h2 class=\"wp-block-heading\"><strong>Un master tourn\u00e9 vers la polyvalence et le num\u00e9rique<\/strong><\/h2>\n\n\n\n<p>Le master Gestion \u00c9ditoriale et Communication Internet forme des experts en communication num\u00e9rique capables d&rsquo;\u00e9voluer dans des contextes vari\u00e9s. Gr\u00e2ce \u00e0 une formation alliant th\u00e9orie et pratique, les dipl\u00f4m\u00e9s acqui\u00e8rent des comp\u00e9tences en strat\u00e9gie digitale, gestion de projet web, et cr\u00e9ation de contenu.<\/p>\n\n\n\n<p>Que vous envisagiez une carri\u00e8re dans une entreprise publique ou priv\u00e9e, une agence de communication ou une institution culturelle, ce master offre une large palette de d\u00e9bouch\u00e9s professionnels adapt\u00e9s aux besoins du march\u00e9.<\/p>\n\n\n\n<h2 class=\"wp-block-heading\"><strong>Les m\u00e9tiers accessibles apr\u00e8s un master GECI <\/strong><\/h2>\n\n\n\n<h3 class=\"wp-block-heading\"><strong>Une diversit\u00e9 de fonctions dans la communication num\u00e9rique<\/strong><\/h3>\n\n\n\n<p>Apr\u00e8s avoir obtenu leur dipl\u00f4me, les \u00e9tudiant.es peuvent pr\u00e9tendre \u00e0 des m\u00e9tiers vari\u00e9s tels que<\/p>\n\n\n<ul class=\"wp-block-latest-posts__list is-grid columns-3 debouche wp-block-latest-posts\"><li><div class=\"wp-block-latest-posts__featured-image\"><img loading=\"lazy\" decoding=\"async\" width=\"300\" height=\"300\" src=\"https:\/\/2025.latetedansleweb.org\/wp-content\/uploads\/2025\/01\/Administration-Master-GECI--300x300.png\" class=\"attachment-medium size-medium wp-post-image\" alt=\"\" style=\"\" srcset=\"https:\/\/2025.latetedansleweb.org\/wp-content\/uploads\/2025\/01\/Administration-Master-GECI--300x300.png 300w, https:\/\/2025.latetedansleweb.org\/wp-content\/uploads\/2025\/01\/Administration-Master-GECI--1024x1024.png 1024w, https:\/\/2025.latetedansleweb.org\/wp-content\/uploads\/2025\/01\/Administration-Master-GECI--150x150.png 150w, https:\/\/2025.latetedansleweb.org\/wp-content\/uploads\/2025\/01\/Administration-Master-GECI--768x768.png 768w, https:\/\/2025.latetedansleweb.org\/wp-content\/uploads\/2025\/01\/Administration-Master-GECI--1536x1536.png 1536w, https:\/\/2025.latetedansleweb.org\/wp-content\/uploads\/2025\/01\/Administration-Master-GECI-.png 2000w\" sizes=\"auto, (max-width: 300px) 100vw, 300px\" \/><\/div><a class=\"wp-block-latest-posts__post-title\" href=\"https:\/\/2025.latetedansleweb.org\/index.php\/2025\/01\/15\/webdesigner-euse\/\">Chef.fe de projet web<\/a><div class=\"wp-block-latest-posts__post-full-content\"><!-- wp:paragraph -->\n<p>Gestion et coordination de projets digitaux, de la conception \u00e0 la mise en ligne.<\/p>\n<!-- \/wp:paragraph -->\n\n<!-- wp:paragraph -->\n<p><\/p>\n<!-- \/wp:paragraph --><\/div><\/li>\n<li><div class=\"wp-block-latest-posts__featured-image\"><img loading=\"lazy\" decoding=\"async\" width=\"300\" height=\"300\" src=\"https:\/\/2025.latetedansleweb.org\/wp-content\/uploads\/2025\/01\/developpeur-300x300.jpg\" class=\"attachment-medium size-medium wp-post-image\" alt=\"\" style=\"\" srcset=\"https:\/\/2025.latetedansleweb.org\/wp-content\/uploads\/2025\/01\/developpeur-300x300.jpg 300w, https:\/\/2025.latetedansleweb.org\/wp-content\/uploads\/2025\/01\/developpeur-150x150.jpg 150w, https:\/\/2025.latetedansleweb.org\/wp-content\/uploads\/2025\/01\/developpeur.jpg 512w\" sizes=\"auto, (max-width: 300px) 100vw, 300px\" \/><\/div><a class=\"wp-block-latest-posts__post-title\" href=\"https:\/\/2025.latetedansleweb.org\/index.php\/2025\/01\/08\/metier-2\/\">Webmestre \u00e9ditorial<\/a><div class=\"wp-block-latest-posts__post-full-content\"><!-- wp:paragraph -->\n<p>Administration et gestion de sites internet<\/p>\n<!-- \/wp:paragraph -->\n\n<!-- wp:paragraph -->\n<p><\/p>\n<!-- \/wp:paragraph --><\/div><\/li>\n<li><div class=\"wp-block-latest-posts__featured-image\"><img loading=\"lazy\" decoding=\"async\" width=\"300\" height=\"300\" src=\"https:\/\/2025.latetedansleweb.org\/wp-content\/uploads\/2025\/01\/charge_communication-300x300.jpg\" class=\"attachment-medium size-medium wp-post-image\" alt=\"\" style=\"\" srcset=\"https:\/\/2025.latetedansleweb.org\/wp-content\/uploads\/2025\/01\/charge_communication-300x300.jpg 300w, https:\/\/2025.latetedansleweb.org\/wp-content\/uploads\/2025\/01\/charge_communication-150x150.jpg 150w, https:\/\/2025.latetedansleweb.org\/wp-content\/uploads\/2025\/01\/charge_communication.jpg 512w\" sizes=\"auto, (max-width: 300px) 100vw, 300px\" \/><\/div><a class=\"wp-block-latest-posts__post-title\" href=\"https:\/\/2025.latetedansleweb.org\/index.php\/2025\/01\/08\/metier-1\/\">Concepteur.trice et r\u00e9dacteur.trice digital<\/a><div class=\"wp-block-latest-posts__post-full-content\"><!-- wp:paragraph -->\n<p>Cr\u00e9ation de contenus optimis\u00e9s pour le web<\/p>\n<!-- \/wp:paragraph --><\/div><\/li>\n<\/ul>\n\n\n<h3 class=\"wp-block-heading\"><strong>Focus sur les m\u00e9tiers \u00e9mergents du num\u00e9rique<\/strong><\/h3>\n\n\n<ul class=\"wp-block-latest-posts__list is-grid columns-3 debouche wp-block-latest-posts\"><li><div class=\"wp-block-latest-posts__featured-image\"><img loading=\"lazy\" decoding=\"async\" width=\"300\" height=\"300\" src=\"https:\/\/2025.latetedansleweb.org\/wp-content\/uploads\/2025\/01\/unnamed-300x300.jpg\" class=\"attachment-medium size-medium wp-post-image\" alt=\"\" style=\"\" srcset=\"https:\/\/2025.latetedansleweb.org\/wp-content\/uploads\/2025\/01\/unnamed-300x300.jpg 300w, https:\/\/2025.latetedansleweb.org\/wp-content\/uploads\/2025\/01\/unnamed-150x150.jpg 150w, https:\/\/2025.latetedansleweb.org\/wp-content\/uploads\/2025\/01\/unnamed.jpg 512w\" sizes=\"auto, (max-width: 300px) 100vw, 300px\" \/><\/div><a class=\"wp-block-latest-posts__post-title\" href=\"https:\/\/2025.latetedansleweb.org\/index.php\/2025\/01\/19\/webmarketeur-trice\/\">Webmarketeur.trice<\/a><div class=\"wp-block-latest-posts__post-full-content\"><!-- wp:paragraph -->\n<p>D\u00e9veloppement et suivi des strat\u00e9gies marketing en ligne<\/p>\n<!-- \/wp:paragraph -->\n\n<!-- wp:paragraph -->\n<p><\/p>\n<!-- \/wp:paragraph --><\/div><\/li>\n<li><div class=\"wp-block-latest-posts__featured-image\"><img loading=\"lazy\" decoding=\"async\" width=\"300\" height=\"300\" src=\"https:\/\/2025.latetedansleweb.org\/wp-content\/uploads\/2025\/01\/4136918-300x300.jpg\" class=\"attachment-medium size-medium wp-post-image\" alt=\"\" style=\"\" srcset=\"https:\/\/2025.latetedansleweb.org\/wp-content\/uploads\/2025\/01\/4136918-300x300.jpg 300w, https:\/\/2025.latetedansleweb.org\/wp-content\/uploads\/2025\/01\/4136918-1024x1024.jpg 1024w, https:\/\/2025.latetedansleweb.org\/wp-content\/uploads\/2025\/01\/4136918-150x150.jpg 150w, https:\/\/2025.latetedansleweb.org\/wp-content\/uploads\/2025\/01\/4136918-768x768.jpg 768w, https:\/\/2025.latetedansleweb.org\/wp-content\/uploads\/2025\/01\/4136918-1536x1536.jpg 1536w, https:\/\/2025.latetedansleweb.org\/wp-content\/uploads\/2025\/01\/4136918.jpg 2000w\" sizes=\"auto, (max-width: 300px) 100vw, 300px\" \/><\/div><a class=\"wp-block-latest-posts__post-title\" href=\"https:\/\/2025.latetedansleweb.org\/index.php\/2025\/01\/19\/responsable-editorial-de-site\/\">Responsable \u00e9ditorial de site<\/a><div class=\"wp-block-latest-posts__post-full-content\"><!-- wp:paragraph -->\n<p>Supervision des contenus et garantie de leur qualit\u00e9<\/p>\n<!-- \/wp:paragraph --><\/div><\/li>\n<li><div class=\"wp-block-latest-posts__featured-image\"><img loading=\"lazy\" decoding=\"async\" width=\"300\" height=\"300\" src=\"https:\/\/2025.latetedansleweb.org\/wp-content\/uploads\/2025\/01\/4270278-300x300.jpg\" class=\"attachment-medium size-medium wp-post-image\" alt=\"\" style=\"\" srcset=\"https:\/\/2025.latetedansleweb.org\/wp-content\/uploads\/2025\/01\/4270278-300x300.jpg 300w, https:\/\/2025.latetedansleweb.org\/wp-content\/uploads\/2025\/01\/4270278-1024x1024.jpg 1024w, https:\/\/2025.latetedansleweb.org\/wp-content\/uploads\/2025\/01\/4270278-150x150.jpg 150w, https:\/\/2025.latetedansleweb.org\/wp-content\/uploads\/2025\/01\/4270278-768x768.jpg 768w, https:\/\/2025.latetedansleweb.org\/wp-content\/uploads\/2025\/01\/4270278-1536x1536.jpg 1536w, https:\/\/2025.latetedansleweb.org\/wp-content\/uploads\/2025\/01\/4270278.jpg 2000w\" sizes=\"auto, (max-width: 300px) 100vw, 300px\" \/><\/div><a class=\"wp-block-latest-posts__post-title\" href=\"https:\/\/2025.latetedansleweb.org\/index.php\/2025\/01\/19\/charge-e-du-referencement\/\">Charg\u00e9.e du r\u00e9f\u00e9rencement<\/a><div class=\"wp-block-latest-posts__post-full-content\"><!-- wp:paragraph -->\n<p>Optimisation SEO pour am\u00e9liorer la visibilit\u00e9 des sites web.<\/p>\n<!-- \/wp:paragraph --><\/div><\/li>\n<\/ul>\n\n\n<h2 class=\"wp-block-heading\"><strong>Les secteurs qui recrutent nos dipl\u00f4m\u00e9s<\/strong><\/h2>\n\n\n\n<h3 class=\"wp-block-heading\"><strong>Entreprises et institutions vari\u00e9es <\/strong><\/h3>\n\n\n\n<p>Les dipl\u00f4m\u00e9.es du Master GECI sont recherch\u00e9s dans de nombreux secteurs :<\/p>\n\n\n\n<ul class=\"wp-block-list\">\n<li>Entreprises priv\u00e9es et publiques<\/li>\n\n\n\n<li>Collectivit\u00e9s territoriales<\/li>\n\n\n\n<li>Agences de communication<\/li>\n\n\n\n<li>Associations et institutions culturelles<\/li>\n<\/ul>\n\n\n\n<h3 class=\"wp-block-heading\"><strong>Un profil dynamique et cr\u00e9atif<\/strong><\/h3>\n\n\n\n<p>Les recruteurs appr\u00e9cient les comp\u00e9tences polyvalentes et le dynamisme des dipl\u00f4m\u00e9s. Leur expertise en strat\u00e9gie digitale et leur capacit\u00e9 \u00e0 s\u2019adapter font d\u2019eux des candidats de choix pour des postes \u00e0 responsabilit\u00e9.<\/p>\n\n\n\n<h2 class=\"wp-block-heading\"><strong>Une formation adapt\u00e9e aux besoins du march\u00e9<\/strong><\/h2>\n\n\n\n<p>Le Master GECI est con\u00e7u pour r\u00e9pondre aux attentes des employeurs. En combinant projets pratiques, stages ou alternances, les \u00e9tudiant.es d\u00e9veloppent une expertise directement applicable sur le terrain.Si vous cherchez une formation en <strong>communication num\u00e9rique<\/strong> qui allie polyvalence et professionnalisme, n\u2019attendez plus le Master GECI est fait pour vous !<\/p>\n\n\n\n<p><\/p>\n","protected":false},"excerpt":{"rendered":"<p>LES D\u00c9BOUCH\u00c9S Le master Gestion \u00c9ditoriale et Communication Internet offre de nombreuses perspectives professionnelles dans le domaine de la communication num\u00e9rique. Polyvalents et cr\u00e9atifs, les dipl\u00f4m\u00e9s acc\u00e8dent \u00e0 des postes strat\u00e9giques dans des secteurs vari\u00e9s, de la gestion de projet web au community management. D\u00e9couvrez les d\u00e9bouch\u00e9s professionnels et les opportunit\u00e9s qui s&rsquo;offrent \u00e0 vous [&hellip;]<\/p>\n","protected":false},"author":2,"featured_media":0,"parent":0,"menu_order":0,"comment_status":"closed","ping_status":"closed","template":"","meta":{"_seopress_robots_primary_cat":"","_seopress_titles_title":"","_seopress_titles_desc":"","_seopress_robots_index":"","inline_featured_image":false,"footnotes":""},"class_list":["post-32","page","type-page","status-publish","hentry"],"blocksy_meta":[],"_links":{"self":[{"href":"https:\/\/2025.latetedansleweb.org\/index.php\/wp-json\/wp\/v2\/pages\/32","targetHints":{"allow":["GET"]}}],"collection":[{"href":"https:\/\/2025.latetedansleweb.org\/index.php\/wp-json\/wp\/v2\/pages"}],"about":[{"href":"https:\/\/2025.latetedansleweb.org\/index.php\/wp-json\/wp\/v2\/types\/page"}],"author":[{"embeddable":true,"href":"https:\/\/2025.latetedansleweb.org\/index.php\/wp-json\/wp\/v2\/users\/2"}],"replies":[{"embeddable":true,"href":"https:\/\/2025.latetedansleweb.org\/index.php\/wp-json\/wp\/v2\/comments?post=32"}],"version-history":[{"count":43,"href":"https:\/\/2025.latetedansleweb.org\/index.php\/wp-json\/wp\/v2\/pages\/32\/revisions"}],"predecessor-version":[{"id":2279,"href":"https:\/\/2025.latetedansleweb.org\/index.php\/wp-json\/wp\/v2\/pages\/32\/revisions\/2279"}],"wp:attachment":[{"href":"https:\/\/2025.latetedansleweb.org\/index.php\/wp-json\/wp\/v2\/media?parent=32"}],"curies":[{"name":"wp","href":"https:\/\/api.w.org\/{rel}","templated":true}]}}